{"id":29,"date":"2021-05-24T16:43:52","date_gmt":"2021-05-24T14:43:52","guid":{"rendered":"https:\/\/omot.se\/?page_id=29"},"modified":"2021-05-24T16:43:52","modified_gmt":"2021-05-24T14:43:52","slug":"om-oss","status":"publish","type":"page","link":"https:\/\/omot.se\/?page_id=29","title":{"rendered":"Om oss"},"content":{"rendered":"\n<p>\u00d6desberga Maskin &amp; Teknik blev startad v\u00e5ran 2021. Vi specialiserar oss p\u00e5 tillverkning av detaljer f\u00f6r CNC maskiner och delar som annars \u00e4r sv\u00e5ra att f\u00e5 tag p\u00e5 eller m\u00e5ste anpassas efter dina behov. Kontakt oss f\u00f6r en offert.<\/p>\n","protected":false},"excerpt":{"rendered":"<p>\u00d6desberga Maskin &amp; Teknik blev startad v\u00e5ran 2021. Vi specialiserar oss p\u00e5 tillverkning av detaljer f\u00f6r CNC maskiner och delar som annars \u00e4r sv\u00e5ra att f\u00e5 tag p\u00e5 eller m\u00e5ste anpassas efter dina behov. Kontakt oss f\u00f6r en offert.<\/p>\n","protected":false},"author":2,"featured_media":0,"parent":0,"menu_order":0,"comment_status":"closed","ping_status":"closed","template":"","meta":{"hide_page_title":"","footnotes":""},"class_list":["post-29","page","type-page","status-publish","hentry"],"_links":{"self":[{"href":"https:\/\/omot.se\/index.php?rest_route=\/wp\/v2\/pages\/29","targetHints":{"allow":["GET"]}}],"collection":[{"href":"https:\/\/omot.se\/index.php?rest_route=\/wp\/v2\/pages"}],"about":[{"href":"https:\/\/omot.se\/index.php?rest_route=\/wp\/v2\/types\/page"}],"author":[{"embeddable":true,"href":"https:\/\/omot.se\/index.php?rest_route=\/wp\/v2\/users\/2"}],"replies":[{"embeddable":true,"href":"https:\/\/omot.se\/index.php?rest_route=%2Fwp%2Fv2%2Fcomments&post=29"}],"version-history":[{"count":1,"href":"https:\/\/omot.se\/index.php?rest_route=\/wp\/v2\/pages\/29\/revisions"}],"predecessor-version":[{"id":30,"href":"https:\/\/omot.se\/index.php?rest_route=\/wp\/v2\/pages\/29\/revisions\/30"}],"wp:attachment":[{"href":"https:\/\/omot.se\/index.php?rest_route=%2Fwp%2Fv2%2Fmedia&parent=29"}],"curies":[{"name":"wp","href":"https:\/\/api.w.org\/{rel}","templated":true}]}}